{"id":79,"date":"2025-09-01T03:57:59","date_gmt":"2025-09-01T03:57:59","guid":{"rendered":"https:\/\/yum.st\/nwa\/?post_type=product&#038;p=79"},"modified":"2025-09-01T16:33:14","modified_gmt":"2025-09-01T16:33:14","slug":"banh-bao","status":"publish","type":"product","link":"https:\/\/yum.st\/nwa\/product\/banh-bao\/","title":{"rendered":"B\u00e1nh Bao"},"content":{"rendered":"<p>B\u00e1nh m\u00ec ngon \u01a1i l\u00e0 ngon. Rau, d\u01b0a chua, \u1edbt, th\u1ecbt .. m\u1ecdi th\u1ee9 \u0111\u01b0\u1ee3c l\u00e0m s\u1ea1ch s\u1ebd&#8230;<\/p>\n","protected":false},"excerpt":{"rendered":"<p>B\u00e1nh m\u00ec ngon \u01a1i l\u00e0 ngon. Rau, d\u01b0a chua, \u1edbt, th\u1ecbt .. m\u1ecdi th\u1ee9 \u0111\u01b0\u1ee3c l\u00e0m s\u1ea1ch s\u1ebd&#8230;<\/p>\n","protected":false},"featured_media":83,"template":"","meta":[],"product_brand":[],"product_cat":[18],"product_tag":[],"class_list":{"0":"post-79","1":"product","2":"type-product","3":"status-publish","4":"has-post-thumbnail","6":"product_cat-eat","8":"first","9":"instock","10":"shipping-taxable","11":"purchasable","12":"product-type-simple"},"_links":{"self":[{"href":"https:\/\/yum.st\/nwa\/wp-json\/wp\/v2\/product\/79","targetHints":{"allow":["GET"]}}],"collection":[{"href":"https:\/\/yum.st\/nwa\/wp-json\/wp\/v2\/product"}],"about":[{"href":"https:\/\/yum.st\/nwa\/wp-json\/wp\/v2\/types\/product"}],"wp:featuredmedia":[{"embeddable":true,"href":"https:\/\/yum.st\/nwa\/wp-json\/wp\/v2\/media\/83"}],"wp:attachment":[{"href":"https:\/\/yum.st\/nwa\/wp-json\/wp\/v2\/media?parent=79"}],"wp:term":[{"taxonomy":"product_brand","embeddable":true,"href":"https:\/\/yum.st\/nwa\/wp-json\/wp\/v2\/product_brand?post=79"},{"taxonomy":"product_cat","embeddable":true,"href":"https:\/\/yum.st\/nwa\/wp-json\/wp\/v2\/product_cat?post=79"},{"taxonomy":"product_tag","embeddable":true,"href":"https:\/\/yum.st\/nwa\/wp-json\/wp\/v2\/product_tag?post=79"}],"curies":[{"name":"wp","href":"https:\/\/api.w.org\/{rel}","templated":true}]}}